{"id":128,"date":"2020-02-26T19:30:51","date_gmt":"2020-02-26T18:30:51","guid":{"rendered":"http:\/\/thecornerstone.fr\/?page_id=128"},"modified":"2024-07-16T23:20:51","modified_gmt":"2024-07-16T21:20:51","slug":"le-reve-dun-homme-ridicule","status":"publish","type":"page","link":"https:\/\/thecornerstone.fr\/index.php\/spectacles\/le-reve-dun-homme-ridicule\/","title":{"rendered":"LE R\u00caVE D&#8217;UN HOMME RIDICULE"},"content":{"rendered":"<p>[et_pb_section fb_built=&#8221;1&#8243; admin_label=&#8221;section&#8221; _builder_version=&#8221;3.22.7&#8243; background_color=&#8221;#000000&#8243; background_image=&#8221;http:\/\/thecornerstone.fr\/wp-content\/uploads\/2020\/02\/Q14A1146RcMissV-scaled.jpg&#8221; background_position=&#8221;top_center&#8221;][et_pb_row admin_label=&#8221;row&#8221; _builder_version=&#8221;3.22.7&#8243; background_color=&#8221;rgba(0,0,0,0)&#8221; background_size=&#8221;initial&#8221; background_position=&#8221;top_left&#8221; background_repeat=&#8221;repeat&#8221;][et_pb_column type=&#8221;4_4&#8243; _builder_version=&#8221;3.0.47&#8243;][et_pb_text admin_label=&#8221;Text&#8221; _builder_version=&#8221;3.22.7&#8243; text_font=&#8221;||||||||&#8221; text_text_color=&#8221;rgba(0,0,0,0)&#8221; background_size=&#8221;initial&#8221; background_position=&#8221;top_left&#8221; background_repeat=&#8221;repeat&#8221; inline_fonts=&#8221;Georgia,Raleway&#8221;]<\/p>\n<p><span style=\"font-size: x-large;\"><strong style=\"font-family: Raleway; color: #ffffff;\">LE R\u00caVE D&#8217;UN HOMME RIDICULE<\/strong><\/span><\/p>\n<p class=\"font_7\"><span style=\"font-weight: normal; font-size: medium; font-family: Raleway;\"><span style=\"color: #ffffff;\">C\u2019est un homme ridicule, et qui le sait.<br \/> <\/span><span style=\"color: #ffffff;\">Un looser magnifique, qui, d\u00e9termin\u00e9 \u00e0 se suicider, refuse son aide \u00e0 une petite fille en d\u00e9tresse, s\u2019endort, fait un r\u00eave, et se convertit en pr\u00eacheur exalt\u00e9.<br \/> <\/span><span style=\"color: #ffffff;\">Une forme musicale et performative de l\u2019\u0153uvre du g\u00e9nie russe, au c\u0153ur m\u00eame d\u2019un monde id\u00e9al, fantasm\u00e9, qui finira perverti.<br \/> <\/span><span style=\"color: #ffffff;\">Un monologue pour un com\u00e9dien et un musicien pens\u00e9 de fa\u00e7on \u00e0 d\u00e9miner tout mysticisme, et ausculter l\u2019ambivalence tragicomique, du \u00abburn-out po\u00e9tique\u00bb \u00e0 l\u2019\u00e9piphanie philosophique.<\/span><\/span><\/p>\n<p>[\/et_pb_text][\/et_pb_column][\/et_pb_row][et_pb_row _builder_version=&#8221;3.22.7&#8243;][et_pb_column type=&#8221;4_4&#8243; _builder_version=&#8221;3.22.7&#8243;][et_pb_accordion open_toggle_text_color=&#8221;#FFFFFF&#8221; open_toggle_background_color=&#8221;#000000&#8243; closed_toggle_text_color=&#8221;#FFFFFF&#8221; closed_toggle_background_color=&#8221;#000000&#8243; _builder_version=&#8221;3.22.7&#8243; toggle_font=&#8221;||||||||&#8221; body_font=&#8221;Raleway||||||||&#8221; body_font_size=&#8221;16px&#8221;][et_pb_accordion_item title=&#8221;G\u00c9N\u00c9RIQUE&#8221; open=&#8221;off&#8221; open_toggle_background_color=&#8221;#000000&#8243; _builder_version=&#8221;3.22.7&#8243; title_text_shadow_horizontal_length=&#8221;0em&#8221; title_text_shadow_vertical_length=&#8221;0em&#8221; title_text_shadow_blur_strength=&#8221;0em&#8221; body_text_shadow_horizontal_length=&#8221;0em&#8221; body_text_shadow_vertical_length=&#8221;0em&#8221; body_text_shadow_blur_strength=&#8221;0em&#8221;]<\/p>\n<p><span style=\"color: #ffffff;\"><strong>de <\/strong>Feodor D<span color=\"#ffffff\" face=\"Raleway\" size=\"3\">osto\u00efevski<b><br \/> <\/b><\/span><strong>Traduction<\/strong>\u00a0Andr\u00e9 M<span color=\"#ffffff\" face=\"Raleway\" size=\"3\">arkowicz<br \/> <\/span><b>Adaptation, Mise En Sc\u00e8ne, Sc\u00e9nographie <\/b>Simon Mauclair<br \/> <span color=\"#ffffff\" face=\"Raleway\" size=\"3\"><b>Cr\u00e9ation Musicale &amp; Sonore\u00a0<\/b><\/span>Thomas Delp\u00e9ri\u00e9<\/span><br \/> <span style=\"color: #ffffff;\"> <strong><span color=\"#ffffff\" face=\"Raleway\" size=\"3\">Cr\u00e9ation Lumi\u00e8re\u00a0<\/span><\/strong><span color=\"#ffffff\" face=\"Raleway\" size=\"3\">G\u00e9rard GILLOT<\/span><\/span><br \/> <span style=\"color: #ffffff;\"> <strong><span color=\"#ffffff\" face=\"Raleway\" size=\"3\">Assistante &amp; Cr\u00e9ation Costumes\u00a0<\/span><\/strong><span color=\"#ffffff\" face=\"Raleway\" size=\"3\">Anastasia Kruglyak<\/span><\/span><br \/> <span style=\"color: #ffffff;\"> <strong><span color=\"#ffffff\" face=\"Raleway\" size=\"3\">Construction D\u00e9cor\u00a0<\/span><\/strong><span color=\"#ffffff\" face=\"Raleway\" size=\"3\">Alain Pinochet<\/span><\/span><\/p>\n<p><span style=\"color: #ffffff;\"><span color=\"#ffffff\" face=\"Raleway\"><b>Avec\u00a0<\/b><\/span>Simon Mauclair &amp; Thomas Delp\u00e9ri\u00e9<\/span><\/p>\n<p>[\/et_pb_accordion_item][et_pb_accordion_item title=&#8221;PRODUCTION&#8221; open=&#8221;on&#8221; open_toggle_background_color=&#8221;#000000&#8243; closed_toggle_text_color=&#8221;#FFFFFF&#8221; closed_toggle_background_color=&#8221;#000000&#8243; _builder_version=&#8221;3.22.7&#8243; title_text_shadow_horizontal_length=&#8221;0em&#8221; title_text_shadow_vertical_length=&#8221;0em&#8221; title_text_shadow_blur_strength=&#8221;0em&#8221; body_text_shadow_horizontal_length=&#8221;0em&#8221; body_text_shadow_vertical_length=&#8221;0em&#8221; body_text_shadow_blur_strength=&#8221;0em&#8221;]<\/p>\n<p><span style=\"color: #ffffff;\"><strong>Co-production<\/strong><b>\u00a0<\/b>Sc\u00e8ne Nationale d&#8217;Aubusson<\/span><\/p>\n<p><span style=\"color: #ffffff;\"><span color=\"#ffffff\" face=\"Raleway\" size=\"3\"><b>Soutiens\u00a0<\/b>Th\u00e9\u00e2tre de l&#8217;Union &#8211; Centre Dramatique National \/ Ville de Limoges \/ Centre Culturel Municipal Jean Gagnant<\/span><\/span><\/p>\n<p>[\/et_pb_accordion_item][\/et_pb_accordion][\/et_pb_column][\/et_pb_row][\/et_pb_section]<\/p>\n","protected":false},"excerpt":{"rendered":"<p>[et_pb_section fb_built=&#8221;1&#8243; admin_label=&#8221;section&#8221; _builder_version=&#8221;3.22.7&#8243; background_color=&#8221;#000000&#8243; background_image=&#8221;http:\/\/thecornerstone.fr\/wp-content\/uploads\/2020\/02\/Q14A1146RcMissV-scaled.jpg&#8221; background_position=&#8221;top_center&#8221;][et_pb_row admin_label=&#8221;row&#8221; _builder_version=&#8221;3.22.7&#8243; background_color=&#8221;rgba(0,0,0,0)&#8221; background_size=&#8221;initial&#8221; background_position=&#8221;top_left&#8221; background_repeat=&#8221;repeat&#8221;][et_pb_column type=&#8221;4_4&#8243; _builder_version=&#8221;3.0.47&#8243;][et_pb_text admin_label=&#8221;Text&#8221; _builder_version=&#8221;3.22.7&#8243; text_font=&#8221;||||||||&#8221; text_text_color=&#8221;rgba(0,0,0,0)&#8221; background_size=&#8221;initial&#8221; background_position=&#8221;top_left&#8221; background_repeat=&#8221;repeat&#8221; inline_fonts=&#8221;Georgia,Raleway&#8221;] LE R\u00caVE D&#8217;UN HOMME RIDICULE C\u2019est un homme ridicule, et qui le sait. Un looser magnifique, qui, d\u00e9termin\u00e9 \u00e0 se suicider, refuse son aide \u00e0 une petite fille en d\u00e9tresse, s\u2019endort, fait [&hellip;]<\/p>\n","protected":false},"author":1,"featured_media":0,"parent":91,"menu_order":3,"comment_status":"closed","ping_status":"closed","template":"","meta":{"_et_pb_use_builder":"on","_et_pb_old_content":"<!-- wp:paragraph -->\n<p><strong>de <\/strong>Feodor DOSTO\u00cfEVSKI<\/p>\n<!-- \/wp:paragraph -->\n\n<!-- wp:paragraph -->\n<p><strong>TRADUCTION <\/strong>- Andr\u00e9 MARKOWICZ<br><strong>ADAPTATION, MISE EN SC\u00c8NE, SC\u00c9NOGRAPHIE  -<\/strong> Simon MAUCLAIR<br><strong>CR\u00c9ATION MUSICALE &amp; SONORE -<\/strong> Thomas DELP\u00c9RI\u00c9<br><strong>CR\u00c9ATION LUMI\u00c8RE -<\/strong> G\u00e9rard GILLOT<br><strong>ASSISTANTE &amp; CR\u00c9ATION COSTUMES -<\/strong> Anastasia KRUGLYAK<br><strong>CONSTRUCTION D\u00c9COR - <\/strong>Alain PINOCHET<br><br><strong>AVEC<\/strong> Simon MAUCLAIR &amp; Thomas DELP\u00c9RI\u00c9<br><br><strong>CO-PRODUCTION <\/strong>Sc\u00e8ne Nationale d'Aubusson <br><strong>SOUTIENS <\/strong>Th\u00e9\u00e2tre de l'Union - Centre Dramatique National \/ Ville de Limoges \/ Centre Culturel Municipal de la Ville de Limoges<br><\/p>\n<!-- \/wp:paragraph -->\n\n<!-- wp:paragraph -->\n<p><\/p>\n<!-- \/wp:paragraph -->","footnotes":""},"class_list":["post-128","page","type-page","status-publish","hentry"],"_links":{"self":[{"href":"https:\/\/thecornerstone.fr\/index.php\/wp-json\/wp\/v2\/pages\/128","targetHints":{"allow":["GET"]}}],"collection":[{"href":"https:\/\/thecornerstone.fr\/index.php\/wp-json\/wp\/v2\/pages"}],"about":[{"href":"https:\/\/thecornerstone.fr\/index.php\/wp-json\/wp\/v2\/types\/page"}],"author":[{"embeddable":true,"href":"https:\/\/thecornerstone.fr\/index.php\/wp-json\/wp\/v2\/users\/1"}],"replies":[{"embeddable":true,"href":"https:\/\/thecornerstone.fr\/index.php\/wp-json\/wp\/v2\/comments?post=128"}],"version-history":[{"count":26,"href":"https:\/\/thecornerstone.fr\/index.php\/wp-json\/wp\/v2\/pages\/128\/revisions"}],"predecessor-version":[{"id":1320,"href":"https:\/\/thecornerstone.fr\/index.php\/wp-json\/wp\/v2\/pages\/128\/revisions\/1320"}],"up":[{"embeddable":true,"href":"https:\/\/thecornerstone.fr\/index.php\/wp-json\/wp\/v2\/pages\/91"}],"wp:attachment":[{"href":"https:\/\/thecornerstone.fr\/index.php\/wp-json\/wp\/v2\/media?parent=128"}],"curies":[{"name":"wp","href":"https:\/\/api.w.org\/{rel}","templated":true}]}}