{"id":142,"date":"2020-02-26T19:59:27","date_gmt":"2020-02-26T18:59:27","guid":{"rendered":"http:\/\/thecornerstone.fr\/?page_id=142"},"modified":"2026-04-27T08:40:21","modified_gmt":"2026-04-27T06:40:21","slug":"don-delillo","status":"publish","type":"page","link":"https:\/\/thecornerstone.fr\/index.php\/spectacles\/don-delillo\/","title":{"rendered":"L&#8217;HOMME QUI TOMBE"},"content":{"rendered":"<div class=\"note-intention\">\n<p>Ce roman de Don DeLillo tisse aujourd&#8217;hui un lien \u00e9troit entre notre grammaire th\u00e9\u00e2trale et la litt\u00e9rature romanesque magn\u00e9tique de cet auteur am\u00e9ricain. Il s&#8217;agit, \u00e0 travers cette \u0153uvre polyphonique, d&#8217;aborder la face la plus intime de la violence et du terrorisme \u2013 en mettant en sc\u00e8ne les parcours parall\u00e8les d&#8217;une famille de Manhattan affect\u00e9e par les attentats, et la vie d&#8217;un jeune homme impliqu\u00e9 dans la cellule terroriste dans les mois qui pr\u00e9c\u00e8dent le 11 Septembre.<\/p>\n<p>Une mani\u00e8re de continuer \u00e0 contorsionner le temps de la repr\u00e9sentation, en permettant au public d&#8217;\u00eatre envahi par un spectacle total et sensoriel. Une grammaire th\u00e9\u00e2trale, qui fait de nos spectacles des points de contact entre la litt\u00e9rature, la musique, et le cin\u00e9ma \u2013 en leur empruntant leurs armes visuelles, musicales, et sonores.<\/p>\n<p>Nous savions tous o\u00f9 nous \u00e9tions, le 11 Septembre 2001. Et si l&#8217;impact dans nos vies est aujourd&#8217;hui aussi singulier que collectif, je me souviens intimement ce jour l\u00e0, jeune adolescent \u2013 au-del\u00e0 des postes de t\u00e9l\u00e9vision, du discours ambiant, des radios, des journaux \u2013 d&#8217;avoir senti notre humanit\u00e9 tout enti\u00e8re \u00eatre emport\u00e9e dans un mouvement total de l&#8217;Histoire, pour entrer brutalement dans ce 21\u00e8me si\u00e8cle qui me fascinait tant.<\/p>\n<\/div>\n<details>\n<summary>G\u00c9N\u00c9RIQUE<\/summary>\n<p>De \/ <strong>Don DeLillo<\/strong> \u2014 Traduction \/ <strong>Marianne V\u00e9ron<\/strong><\/p>\n<p>Adaptation, sc\u00e9nographie &amp; mise en sc\u00e8ne \/ <strong>Simon Mauclair<\/strong><\/p>\n<p>Assistanat \/ <strong>Charlotte Cobos &amp; P\u00e9pita Car<\/strong><\/p>\n<p>Cr\u00e9ation musicale &amp; sonore \/ <strong>Allan de la Houdaye<\/strong><\/p>\n<p>Cr\u00e9ation lumi\u00e8re \/ <strong>J\u00e9r\u00f4me Dumas<\/strong><\/p>\n<p>Cadre vid\u00e9o \/ <strong>Matthieu Ponchel &amp; Marine Cerles<\/strong><\/p>\n<p>R\u00e9gie vid\u00e9o \/ <strong>L\u00e9a Sallustro &amp; Alexandre Machefel<\/strong><\/p>\n<p>R\u00e9gie son &amp; HF \/ <strong>Christophe Dupuis &amp; Cl\u00e9ment Janvier<\/strong><\/p>\n<p>Avec \/ <strong>Ashille Constantin, Isabella Olechowski, Natalie Royer, Alexandre Ruby<\/strong> (en alternance avec <strong>Micka\u00ebl P\u00e9lissier<\/strong>), <strong>Bernard Vergne<\/strong>, et <strong>Ga\u00eblle Voukissa<\/strong> (en alternance avec <strong>Aline Belibi<\/strong>)<\/p>\n<\/details>\n<details>\n<summary>PRODUCTION<\/summary>\n<p><strong>Production<\/strong> Cornerstone<\/p>\n<p><strong>Coproduction<\/strong> Th\u00e9\u00e2tre de l&#8217;Union \u2013 CDN du Limousin \/ Sc\u00e8ne Nationale d&#8217;Aubusson \/ L&#8217;Odyss\u00e9e \u2013 Sc\u00e8ne Conventionn\u00e9e de P\u00e9rigueux \/ Sc\u00e8ne Nationale du Sud-Aquitain \/ Th\u00e9\u00e2tre la Coupe d&#8217;or \u2013 Sc\u00e8ne Conventionn\u00e9e de Rochefort \/ Th\u00e9\u00e2tre Roger Barat \u2013 Herblay \/ Le Gallia \u2013 Sc\u00e8ne Conventionn\u00e9e de Saintes \/ OARA<\/p>\n<p><strong>Soutiens<\/strong> Ville de Limoges \/ R\u00e9gion Nouvelle-Aquitaine \/ DRAC Nouvelle-Aquitaine \/ ADAMI<\/p>\n<\/details>\n<div class=\"cs-video\">\n<iframe src=\"https:\/\/www.youtube.com\/embed\/Km3znAUHesA\" title=\"L'Homme qui Tombe \u2014 Compagnie Cornerstone\" frameborder=\"0\" allow=\"accelerometer; autoplay; clipboard-write; encrypted-media; gyroscope; picture-in-picture\" allowfullscreen><\/iframe>\n<\/div>\n","protected":false},"excerpt":{"rendered":"<p>Ce roman de Don DeLillo tisse aujourd&#8217;hui un lien \u00e9troit entre notre grammaire th\u00e9\u00e2trale et la litt\u00e9rature romanesque magn\u00e9tique de cet auteur am\u00e9ricain. Il s&#8217;agit, \u00e0 travers cette \u0153uvre polyphonique, d&#8217;aborder la face la plus intime de la violence et du terrorisme \u2013 en mettant en sc\u00e8ne les parcours parall\u00e8les d&#8217;une famille de Manhattan affect\u00e9e [&hellip;]<\/p>\n","protected":false},"author":1,"featured_media":0,"parent":91,"menu_order":2,"comment_status":"closed","ping_status":"closed","template":"","meta":{"footnotes":""},"class_list":["post-142","page","type-page","status-publish","hentry"],"_links":{"self":[{"href":"https:\/\/thecornerstone.fr\/index.php\/wp-json\/wp\/v2\/pages\/142","targetHints":{"allow":["GET"]}}],"collection":[{"href":"https:\/\/thecornerstone.fr\/index.php\/wp-json\/wp\/v2\/pages"}],"about":[{"href":"https:\/\/thecornerstone.fr\/index.php\/wp-json\/wp\/v2\/types\/page"}],"author":[{"embeddable":true,"href":"https:\/\/thecornerstone.fr\/index.php\/wp-json\/wp\/v2\/users\/1"}],"replies":[{"embeddable":true,"href":"https:\/\/thecornerstone.fr\/index.php\/wp-json\/wp\/v2\/comments?post=142"}],"version-history":[{"count":90,"href":"https:\/\/thecornerstone.fr\/index.php\/wp-json\/wp\/v2\/pages\/142\/revisions"}],"predecessor-version":[{"id":1581,"href":"https:\/\/thecornerstone.fr\/index.php\/wp-json\/wp\/v2\/pages\/142\/revisions\/1581"}],"up":[{"embeddable":true,"href":"https:\/\/thecornerstone.fr\/index.php\/wp-json\/wp\/v2\/pages\/91"}],"wp:attachment":[{"href":"https:\/\/thecornerstone.fr\/index.php\/wp-json\/wp\/v2\/media?parent=142"}],"curies":[{"name":"wp","href":"https:\/\/api.w.org\/{rel}","templated":true}]}}