{"id":1437,"date":"2025-10-24T17:44:33","date_gmt":"2025-10-24T15:44:33","guid":{"rendered":"https:\/\/thecornerstone.fr\/?page_id=1437"},"modified":"2025-10-24T18:47:00","modified_gmt":"2025-10-24T16:47:00","slug":"jacques-et-son-maitre","status":"publish","type":"page","link":"https:\/\/thecornerstone.fr\/index.php\/spectacles\/jacques-et-son-maitre\/","title":{"rendered":"JACQUES ET SON MA\u00ceTRE"},"content":{"rendered":"<p>[et_pb_section fb_built=&#8221;1&#8243; _builder_version=&#8221;3.22.7&#8243; background_color=&#8221;#000000&#8243; background_image=&#8221;http:\/\/thecornerstone.fr\/wp-content\/uploads\/2025\/10\/IMG_6835.jpg&#8221;][et_pb_row custom_padding=&#8221;4px||0px|||&#8221; _builder_version=&#8221;3.22.7&#8243; background_color=&#8221;rgba(0,0,0,0.32)&#8221; min_height=&#8221;352.5px&#8221;][et_pb_column type=&#8221;4_4&#8243; _builder_version=&#8221;3.22.7&#8243;][et_pb_text _builder_version=&#8221;3.22.7&#8243; min_height=&#8221;390px&#8221; inline_fonts=&#8221;Georgia,Raleway&#8221;]<\/p>\n<p class=\"font_8\"><span style=\"color: #ffffff; font-family: Raleway; font-weight: normal; font-size: x-large;\"><strong>\u96c5\u514b\u548c\u4ed6\u7684\u4e3b\u4eba<br \/> JACQUES ET SON MA\u00ceTRE<\/strong><br \/> <\/span><\/p>\n<p><b><\/b><span style=\"font-size: large; color: #ffffff;\">En chemin vers une destination inconnue, Jacques et son ma\u00eetre devisent sur l\u2019amour, le hasard et le destin. <br \/>Convaincu que \u00ab tout ce qui nous arrive ici-bas \u00e9tait \u00e9crit l\u00e0-haut \u00bb, Jacques raconte \u00e0 son ma\u00eetre ses amours, mais son r\u00e9cit se perd continuellement dans le d\u00e9dale des digressions et des hasards du chemin.<\/span><\/p>\n<p class=\"p3\"><span style=\"font-size: large; color: #ffffff;\">\u00c0 travers ces r\u00e9cits fragment\u00e9s, le narrateur s\u2019immisce lui-m\u00eame dans le texte, apostrophant le lecteur, contredisant les personnages, modifiant l\u2019ordre des choses&#8230; Le voyage devient alors une m\u00e9ditation sur la libert\u00e9 et la fatalit\u00e9, sur la morale et le d\u00e9sir, sur la v\u00e9rit\u00e9 et la fiction.<\/span><\/p>\n<p class=\"p3\"><span style=\"font-size: large; color: #ffffff;\">Diderot d\u00e9construit les codes du roman traditionnel, brouille les fronti\u00e8res entre conteur et lecteur, et transforme la conversation de ses h\u00e9ros en une exp\u00e9rience unique. Sous le masque du divertissement, <span size=\"4\" style=\"font-size: large;\">Diderot\u00a0interroge avec humour et profondeur la condition humaine : sommes-nous ma\u00eetres de nos vies, ou jouets du destin ?<\/span><\/span><\/p>\n<p class=\"p3\"><span color=\"#ffffff\" size=\"4\" style=\"color: #ffffff; font-size: large;\">Invit\u00e9 en Chine \u00e0 cr\u00e9er un spectacle au Th\u00e9\u00e2tre National des Arts du Peuple du Sichuan, Simon <span style=\"caret-color: #ffffff;\">MAUCLAIR<\/span>\u00a0y adapte ce roman de Diderot et en d\u00e9ploie une large cr\u00e9ation port\u00e9e par une troupe puissante d&#8217;interpr\u00e8tes, \u00e0 la distribution majoritairement f\u00e9minine.\u00a0<\/span><\/p>\n<p class=\"p3\"><span style=\"color: #ffffff; font-size: large;\"><\/span><\/p>\n<p class=\"p3\"><span style=\"color: #ffffff; font-size: large;\">JACQUES ET SON MA\u00ceTRE pousse davantage son sens de l&#8217;hybridation,<\/span><span color=\"#ffffff\" size=\"4\" style=\"color: #ffffff; font-size: large;\">\u00a0m\u00ealant la litt\u00e9rature, la musique et le cin\u00e9ma autour des interpr\u00e8tes. <\/span><\/p>\n<p><span style=\"color: #ffffff; font-size: large;\">Simon\u00a0Mauclair laisse \u00e9merger une oeuvre percutante et sensible, s&#8217;affranchissant des \u00e9poques, pour laisser\u00a0s&#8217;\u00e9panouir un dialogue unique entre<span color=\"#ffffff\" size=\"4\">\u00a0la philosophie des Lumi\u00e8res et la Chine du 21\u00e8me si\u00e8cle.<\/span><\/span><\/p>\n<p><span style=\"color: #ffffff; font-size: medium; font-family: Raleway; font-weight: normal;\"><i class=\"\"><\/i><\/span><\/p>\n<p>[\/et_pb_text][\/et_pb_column][\/et_pb_row][et_pb_row _builder_version=&#8221;3.22.7&#8243;][et_pb_column type=&#8221;4_4&#8243; _builder_version=&#8221;3.22.7&#8243;][et_pb_accordion open_toggle_text_color=&#8221;#FFFFFF&#8221; open_toggle_background_color=&#8221;#000000&#8243; closed_toggle_text_color=&#8221;#FFFFFF&#8221; closed_toggle_background_color=&#8221;#000000&#8243; _builder_version=&#8221;3.22.7&#8243; body_font=&#8221;||||||||&#8221; body_font_size=&#8221;16px&#8221; toggle_font=&#8221;||||||||&#8221; background_color=&#8221;#000000&#8243;][et_pb_accordion_item title=&#8221;G\u00c9N\u00c9RIQUE&#8221; open=&#8221;on&#8221; open_toggle_text_color=&#8221;#FFFFFF&#8221; open_toggle_background_color=&#8221;rgba(0,0,0,0)&#8221; closed_toggle_background_color=&#8221;rgba(0,0,0,0)&#8221; _builder_version=&#8221;3.22.7&#8243; title_text_shadow_horizontal_length=&#8221;0em&#8221; title_text_shadow_vertical_length=&#8221;0em&#8221; title_text_shadow_blur_strength=&#8221;0em&#8221; body_text_shadow_horizontal_length=&#8221;0em&#8221; body_text_shadow_vertical_length=&#8221;0em&#8221; body_text_shadow_blur_strength=&#8221;0em&#8221;]<\/p>\n<p><b class=\"\" style=\"color: #ffffff;\">de \/ by<\/b><span color=\"#ffffff\" style=\"color: #ffffff;\">\u00a0Denis Diderot<\/span><br \/> <b class=\"\"><span color=\"#ffffff\" style=\"color: #ffffff;\">Adaptation, <span style=\"caret-color: #ffffff;\">sc\u00e9nographie<\/span>\u00a0&amp; mise en sc\u00e8ne \/ Adapter, stage designer &amp; director \u00a0:\u00a0<\/span><\/b><span color=\"#ffffff\" style=\"color: #ffffff;\">Simon Mauclair<\/span><br \/> <strong style=\"color: #ffffff;\">Collaboration \u00e0 la dramaturgie \/ Playwriting collaborator<\/strong><span color=\"#ffffff\" style=\"color: #ffffff;\">\u00a0: Jing Wang<\/span><br \/> <b class=\"\" style=\"color: #ffffff;\">Cr\u00e9ation sonore &amp; musicale :\u00a0<\/b><span color=\"#ffffff\" style=\"color: #ffffff;\">Allan de la Houdaye<\/span><br \/> <b class=\"\" style=\"color: #ffffff;\">Cr\u00e9ation cadre vid\u00e9o :\u00a0<\/b><span color=\"#ffffff\" style=\"color: #ffffff;\">Matthieu Ponchel<\/span><br \/> <b class=\"\" style=\"color: #ffffff;\">Cr\u00e9ation costumes \/ Costume Designer :\u00a0<\/b><span style=\"color: #ffffff;\">Christine Ducouret<\/span><span color=\"#ffffff\" style=\"color: #ffffff;\"><span class=\"\"><\/span><\/span><\/p>\n<p><b class=\"\"><\/b><span style=\"color: #ffffff;\"><b class=\"\">Avec \/ With\u00a0<\/b><\/span><span style=\"font-size: 16px; color: #ffffff;\">Zha Xi, Nie Sai, Zhou Zijia, Liu Shuai, Liu Yueqi, Zhao Chenyu, Wang Zehong, Hu Xiyuan,<br \/> <\/span><span style=\"color: #ffffff; font-size: 16px;\">actresses and actors from the permanent troup of the Sichuan People&#8217;s Arts Theatre and Xi\u2019An Theater.<\/span><\/p>\n<p>[\/et_pb_accordion_item][et_pb_accordion_item title=&#8221;PRODUCTION&#8221; open=&#8221;off&#8221; _builder_version=&#8221;3.22.7&#8243; title_text_shadow_horizontal_length=&#8221;0em&#8221; title_text_shadow_vertical_length=&#8221;0em&#8221; title_text_shadow_blur_strength=&#8221;0em&#8221; body_text_shadow_horizontal_length=&#8221;0em&#8221; body_text_shadow_vertical_length=&#8221;0em&#8221; body_text_shadow_blur_strength=&#8221;0em&#8221;]<\/p>\n<p><span style=\"color: #ffffff;\"><b class=\"\">Production<\/b>\u00a0Th\u00e9\u00e2tre des Arts du Peuple du Sichuan \/ Th\u00e9\u00e2tre de Xi&#8217;An \/ Compagnie Cornerstone<br \/> <\/span><\/p>\n<p><span style=\"color: #ffffff;\"><strong>Coproduction <\/strong>Festival des deux Villes Chengdu-Chongqing \/\u00a0Hybridit\u00e9s France-Chine<\/p>\n<p><\/span><span style=\"color: #ffffff;\"><strong>Soutiens<\/strong> Institut Fran\u00e7ais de P\u00e9kin et Chengdu<\/span><\/p>\n<p>[\/et_pb_accordion_item][\/et_pb_accordion][\/et_pb_column][\/et_pb_row][\/et_pb_section][et_pb_section fb_built=&#8221;1&#8243; _builder_version=&#8221;3.22.7&#8243; background_color=&#8221;#000000&#8243;][et_pb_row _builder_version=&#8221;3.22.7&#8243;][et_pb_column type=&#8221;4_4&#8243; _builder_version=&#8221;3.22.7&#8243;][et_pb_gallery _builder_version=&#8221;3.22.7&#8243; gallery_ids=&#8221;1483,1484,1485,1486,1487,1488,1490,1491,1492,1476&#8243;][\/et_pb_gallery][\/et_pb_column][\/et_pb_row][et_pb_row _builder_version=&#8221;3.22.7&#8243;][et_pb_column type=&#8221;4_4&#8243; _builder_version=&#8221;3.22.7&#8243;][et_pb_gallery _builder_version=&#8221;3.22.7&#8243; gallery_ids=&#8221;1487,1488,1490,1491&#8243;][\/et_pb_gallery][\/et_pb_column][\/et_pb_row][\/et_pb_section]<\/p>\n","protected":false},"excerpt":{"rendered":"<p>[et_pb_section fb_built=&#8221;1&#8243; _builder_version=&#8221;3.22.7&#8243; background_color=&#8221;#000000&#8243; background_image=&#8221;http:\/\/thecornerstone.fr\/wp-content\/uploads\/2025\/10\/IMG_6835.jpg&#8221;][et_pb_row custom_padding=&#8221;4px||0px|||&#8221; _builder_version=&#8221;3.22.7&#8243; background_color=&#8221;rgba(0,0,0,0.32)&#8221; min_height=&#8221;352.5px&#8221;][et_pb_column type=&#8221;4_4&#8243; _builder_version=&#8221;3.22.7&#8243;][et_pb_text _builder_version=&#8221;3.22.7&#8243; min_height=&#8221;390px&#8221; inline_fonts=&#8221;Georgia,Raleway&#8221;] \u96c5\u514b\u548c\u4ed6\u7684\u4e3b\u4eba JACQUES ET SON MA\u00ceTRE En chemin vers une destination inconnue, Jacques et son ma\u00eetre devisent sur l\u2019amour, le hasard et le destin. Convaincu que \u00ab tout ce qui nous arrive ici-bas \u00e9tait \u00e9crit l\u00e0-haut \u00bb, Jacques raconte \u00e0 son ma\u00eetre [&hellip;]<\/p>\n","protected":false},"author":1,"featured_media":0,"parent":91,"menu_order":0,"comment_status":"closed","ping_status":"closed","template":"","meta":{"_et_pb_use_builder":"on","_et_pb_old_content":"<!-- wp:paragraph -->\n<p><\/p>\n<!-- \/wp:paragraph -->\n\n<!-- wp:paragraph -->\n<p><\/p>\n<!-- \/wp:paragraph -->","footnotes":""},"class_list":["post-1437","page","type-page","status-publish","hentry"],"_links":{"self":[{"href":"https:\/\/thecornerstone.fr\/index.php\/wp-json\/wp\/v2\/pages\/1437","targetHints":{"allow":["GET"]}}],"collection":[{"href":"https:\/\/thecornerstone.fr\/index.php\/wp-json\/wp\/v2\/pages"}],"about":[{"href":"https:\/\/thecornerstone.fr\/index.php\/wp-json\/wp\/v2\/types\/page"}],"author":[{"embeddable":true,"href":"https:\/\/thecornerstone.fr\/index.php\/wp-json\/wp\/v2\/users\/1"}],"replies":[{"embeddable":true,"href":"https:\/\/thecornerstone.fr\/index.php\/wp-json\/wp\/v2\/comments?post=1437"}],"version-history":[{"count":25,"href":"https:\/\/thecornerstone.fr\/index.php\/wp-json\/wp\/v2\/pages\/1437\/revisions"}],"predecessor-version":[{"id":1508,"href":"https:\/\/thecornerstone.fr\/index.php\/wp-json\/wp\/v2\/pages\/1437\/revisions\/1508"}],"up":[{"embeddable":true,"href":"https:\/\/thecornerstone.fr\/index.php\/wp-json\/wp\/v2\/pages\/91"}],"wp:attachment":[{"href":"https:\/\/thecornerstone.fr\/index.php\/wp-json\/wp\/v2\/media?parent=1437"}],"curies":[{"name":"wp","href":"https:\/\/api.w.org\/{rel}","templated":true}]}}