{"id":152,"date":"2020-02-26T20:14:52","date_gmt":"2020-02-26T19:14:52","guid":{"rendered":"http:\/\/thecornerstone.fr\/?page_id=152"},"modified":"2026-04-26T09:44:05","modified_gmt":"2026-04-26T07:44:05","slug":"lange-esmeralda","status":"publish","type":"page","link":"https:\/\/thecornerstone.fr\/index.php\/spectacles\/lange-esmeralda\/","title":{"rendered":"L&#8217;ANGE ESMERALDA"},"content":{"rendered":"<div class=\"note-intention\">\n<p>Au c\u0153ur d&#8217;un quartier d\u00e9sh\u00e9rit\u00e9 du Bronx, deux s\u0153urs religieuses \u2013 Edgar &amp; Gracie \u2013 se lient d&#8217;un deal illicite avec Ismael \u2013 chef de gang et gardien du quartier \u2013 pour offrir de quoi manger aux habitants mis\u00e9reux, et prot\u00e9ger les enfants des rues. C&#8217;est dans cette jungle urbaine du quart monde am\u00e9ricain que leur appara\u00eet la jeune orpheline Esmeralda, avant de dispara\u00eetre dans les d\u00e9chets environnants. Frapp\u00e9e par cette apparition, S\u0153ur Gracie n&#8217;a qu&#8217;une id\u00e9e : retrouver l&#8217;enfant pour la sauver d&#8217;une mort certaine.<\/p>\n<p>Le destin des habitants devient alors \u00e9troitement li\u00e9 \u00e0 celui d&#8217;Esmeralda, qui repr\u00e9sente toute la beaut\u00e9 et la mis\u00e8re de leur existence : \u00ab\u2026un r\u00e9pit, dans l&#8217;infinie tristesse du quartier\u00bb.<\/p>\n<p>En semblant m\u00ealer Le Livre de la jungle et Notre-Dame de Paris au c\u0153ur d&#8217;une histoire populaire du Bronx, Don DeLillo d\u00e9veloppe en quelques pages une des histoires les plus bouleversantes de toute son \u0153uvre. Don DeLillo orchestre ainsi \u2013 sur les murs d&#8217;un quartier abandonn\u00e9 de l&#8217;Am\u00e9rique contemporaine \u2013 le destin d&#8217;une enfant des rues, et la r\u00e9action mystique de ses habitants.<\/p>\n<\/div>\n<div class=\"cs-carousel\">\n<div class=\"cs-carousel-track\">\n<div class=\"cs-carousel-slide\"><img decoding=\"async\" src=\"http:\/\/thecornerstone.fr\/wp-content\/uploads\/2020\/10\/Ange-Esmeralda-Stills-16-scaled.jpg\" alt=\"\" loading=\"lazy\"><\/div>\n<div class=\"cs-carousel-slide\"><img decoding=\"async\" src=\"http:\/\/thecornerstone.fr\/wp-content\/uploads\/2020\/10\/Ange-Esmeralda-Stills-19-scaled.jpg\" alt=\"\" loading=\"lazy\"><\/div>\n<div class=\"cs-carousel-slide\"><img decoding=\"async\" src=\"http:\/\/thecornerstone.fr\/wp-content\/uploads\/2020\/10\/Ange-Esmeralda-Stills-26-scaled.jpg\" alt=\"\" loading=\"lazy\"><\/div>\n<div class=\"cs-carousel-slide\"><img decoding=\"async\" src=\"http:\/\/thecornerstone.fr\/wp-content\/uploads\/2020\/10\/Ange-Esmeralda-Stills-28-scaled.jpg\" alt=\"\" loading=\"lazy\"><\/div>\n<div class=\"cs-carousel-slide\"><img decoding=\"async\" src=\"http:\/\/thecornerstone.fr\/wp-content\/uploads\/2020\/10\/Ange-Esmeralda-Stills-30-scaled.jpg\" alt=\"\" loading=\"lazy\"><\/div>\n<div class=\"cs-carousel-slide\"><img decoding=\"async\" src=\"http:\/\/thecornerstone.fr\/wp-content\/uploads\/2020\/10\/Ange-Esmeralda-Stills-35-scaled.jpg\" alt=\"\" loading=\"lazy\"><\/div>\n<\/p><\/div>\n<div class=\"cs-carousel-nav\">\n    <button class=\"cs-carousel-btn cs-prev\">&#8592;<\/button><br \/>\n    <button class=\"cs-carousel-btn cs-next\">&#8594;<\/button>\n  <\/div>\n<div class=\"cs-carousel-dots\">\n<div class=\"cs-carousel-dot active\"><\/div>\n<div class=\"cs-carousel-dot\"><\/div>\n<div class=\"cs-carousel-dot\"><\/div>\n<div class=\"cs-carousel-dot\"><\/div>\n<\/p><\/div>\n<\/div>\n<details>\n<summary>G\u00c9N\u00c9RIQUE<\/summary>\n<p>de \/ <strong>Don DeLillo<\/strong> \u2014 Traduction \/ <strong>Marianne V\u00e9ron<\/strong><\/p>\n<p>Adaptation, mise en sc\u00e8ne &amp; sc\u00e9nographie \/ <strong>Simon Mauclair<\/strong><\/p>\n<p>Assistanat \/ <strong>Charlotte Cobos<\/strong><\/p>\n<p>Cr\u00e9ation sonore et musicale \/ <strong>Allan de la Houdaye<\/strong><\/p>\n<p>Cr\u00e9ation lumi\u00e8re \/ <strong>G\u00e9rard Gillot<\/strong><\/p>\n<p>R\u00e9gie lumi\u00e8re (en alternance) \/ <strong>Pierre Desrues, Anthony Cantau, J\u00e9r\u00f4me Dumas<\/strong><\/p>\n<p>Cr\u00e9ation vid\u00e9o \/ <strong>Alexandre Machefel &amp; Matthieu Ponchel<\/strong><\/p>\n<p>Accessoiriste \/ <strong>Amandine Chaffard<\/strong><\/p>\n<p>Cr\u00e9ation costumes \/ <strong>Salom\u00e9 Rekkas &amp; Valentine Issanchou<\/strong><\/p>\n<p>Avec \/ <strong>Ashille Constantin, Isabella Olechowski, Natalie Royer<\/strong><\/p>\n<\/details>\n<details>\n<summary>PRODUCTION<\/summary>\n<p><strong>Production<\/strong> Cornerstone<\/p>\n<p><strong>Coproduction<\/strong> Sc\u00e8ne Nationale d&#8217;Aubusson \/ Sc\u00e8ne Nationale du Sud-Aquitain \/ L&#8217;Odyss\u00e9e \u2013 Sc\u00e8ne Conventionn\u00e9e de P\u00e9rigueux \/ OARA \u2013 Office Artistique de la R\u00e9gion Nouvelle-Aquitaine<\/p>\n<p><strong>Soutiens<\/strong> DRAC Nouvelle-Aquitaine \/ Ville de Limoges \/ ADAMI \/ Fond d&#8217;Insertion de l&#8217;Acad\u00e9mie \u2013 \u00c9cole Sup\u00e9rieure Professionnelle de Th\u00e9\u00e2tre du Limousin<\/p>\n<\/details>\n","protected":false},"excerpt":{"rendered":"<p>Au c\u0153ur d&#8217;un quartier d\u00e9sh\u00e9rit\u00e9 du Bronx, deux s\u0153urs religieuses \u2013 Edgar &amp; Gracie \u2013 se lient d&#8217;un deal illicite avec Ismael \u2013 chef de gang et gardien du quartier \u2013 pour offrir de quoi manger aux habitants mis\u00e9reux, et prot\u00e9ger les enfants des rues. C&#8217;est dans cette jungle urbaine du quart monde am\u00e9ricain que [&hellip;]<\/p>\n","protected":false},"author":1,"featured_media":0,"parent":91,"menu_order":1,"comment_status":"closed","ping_status":"closed","template":"","meta":{"footnotes":""},"class_list":["post-152","page","type-page","status-publish","hentry"],"_links":{"self":[{"href":"https:\/\/thecornerstone.fr\/index.php\/wp-json\/wp\/v2\/pages\/152","targetHints":{"allow":["GET"]}}],"collection":[{"href":"https:\/\/thecornerstone.fr\/index.php\/wp-json\/wp\/v2\/pages"}],"about":[{"href":"https:\/\/thecornerstone.fr\/index.php\/wp-json\/wp\/v2\/types\/page"}],"author":[{"embeddable":true,"href":"https:\/\/thecornerstone.fr\/index.php\/wp-json\/wp\/v2\/users\/1"}],"replies":[{"embeddable":true,"href":"https:\/\/thecornerstone.fr\/index.php\/wp-json\/wp\/v2\/comments?post=152"}],"version-history":[{"count":74,"href":"https:\/\/thecornerstone.fr\/index.php\/wp-json\/wp\/v2\/pages\/152\/revisions"}],"predecessor-version":[{"id":1580,"href":"https:\/\/thecornerstone.fr\/index.php\/wp-json\/wp\/v2\/pages\/152\/revisions\/1580"}],"up":[{"embeddable":true,"href":"https:\/\/thecornerstone.fr\/index.php\/wp-json\/wp\/v2\/pages\/91"}],"wp:attachment":[{"href":"https:\/\/thecornerstone.fr\/index.php\/wp-json\/wp\/v2\/media?parent=152"}],"curies":[{"name":"wp","href":"https:\/\/api.w.org\/{rel}","templated":true}]}}