{"id":40,"date":"2020-02-26T17:19:42","date_gmt":"2020-02-26T16:19:42","guid":{"rendered":"http:\/\/thecornerstone.fr\/?page_id=40"},"modified":"2025-10-27T10:07:18","modified_gmt":"2025-10-27T09:07:18","slug":"dates","status":"publish","type":"page","link":"https:\/\/thecornerstone.fr\/index.php\/dates\/","title":{"rendered":"DATES"},"content":{"rendered":"<p>[et_pb_section fb_built=&#8221;1&#8243; _builder_version=&#8221;3.22.7&#8243; background_color=&#8221;#000000&#8243; custom_padding=&#8221;1px|||||&#8221;][et_pb_row _builder_version=&#8221;3.22.7&#8243;][et_pb_column type=&#8221;4_4&#8243; _builder_version=&#8221;3.22.7&#8243;][et_pb_accordion open_toggle_text_color=&#8221;#FFFFFF&#8221; open_toggle_background_color=&#8221;#000000&#8243; closed_toggle_text_color=&#8221;#FFFFFF&#8221; closed_toggle_background_color=&#8221;#000000&#8243; _builder_version=&#8221;3.22.7&#8243; body_font=&#8221;||||||||&#8221; body_text_align=&#8221;left&#8221; body_font_size=&#8221;16px&#8221; toggle_level=&#8221;h1&#8243; toggle_font=&#8221;||||||||&#8221; toggle_text_align=&#8221;left&#8221; text_orientation=&#8221;left&#8221;][et_pb_accordion_item title=&#8221;\u96c5\u514b\u548c\u4ed6\u7684\u4e3b\u4eba (JACQUES AND HIS MASTER)&#8221; _builder_version=&#8221;3.22.7&#8243; open=&#8221;on&#8221;]<\/p>\n<p><strong><span style=\"color: #ffffff;\">Cr\u00e9ation du 22 Ao\u00fbt au 26 Septembre 2025<\/span><\/strong><br \/> <span style=\"color: #ffffff;\">\u96c5\u514b\u548c\u4ed6\u7684\u4e3b\u4eba<\/span><br \/> <span style=\"color: #ffffff;\">Th\u00e9\u00e2tre National des Arts du Peuple du Sichuan<\/span><br \/> <span style=\"color: #ffffff;\">Chengdu, CHINE<\/span><\/p>\n<p><span style=\"color: #ffffff;\"><strong>26 Septembre 2025 \u00a0&#8211; 19h<\/strong><br \/> <span>\u96c5\u514b\u548c\u4ed6\u7684\u4e3b\u4eba<br \/> Festival Chengdu-Chongqing<br \/> <\/span><\/span><span style=\"color: #ffffff;\">Ouverture du Festival<\/span><\/p>\n<p><span style=\"color: #ffffff;\"><span><strong>27 Septembre 2025 \u00a0&#8211; 19h<\/strong><br \/> \u96c5\u514b\u548c\u4ed6\u7684\u4e3b\u4eba<br \/> Festival Chengdu-Chongqing<br \/> <\/span><br \/> <strong>05 Octobre 2025 &#8211; 19h<\/strong><br \/> \u96c5\u514b\u548c\u4ed6\u7684\u4e3b\u4eba<br \/> Th\u00e9\u00e2tre de la Ville de Xi&#8217;An<br \/> <\/span><\/p>\n<p><span style=\"color: #ffffff;\"><strong>06 Octobre 2025 &#8211; 19h<\/strong><br \/> \u96c5\u514b\u548c\u4ed6\u7684\u4e3b\u4eba<br \/> Th\u00e9\u00e2tre de la Ville de Xi&#8217;An<\/span><\/p>\n<p>[\/et_pb_accordion_item][et_pb_accordion_item title=&#8221;NOS PAYSAGES&#8221; open=&#8221;off&#8221; open_toggle_text_color=&#8221;#FFFFFF&#8221; open_toggle_background_color=&#8221;#000000&#8243; closed_toggle_text_color=&#8221;#FFFFFF&#8221; closed_toggle_background_color=&#8221;#000000&#8243; _builder_version=&#8221;3.22.7&#8243; title_text_shadow_horizontal_length=&#8221;0em&#8221; title_text_shadow_vertical_length=&#8221;0em&#8221; title_text_shadow_blur_strength=&#8221;0em&#8221; body_text_shadow_horizontal_length=&#8221;0em&#8221; body_text_shadow_vertical_length=&#8221;0em&#8221; body_text_shadow_blur_strength=&#8221;0em&#8221; text_orientation=&#8221;center&#8221;]<\/p>\n<p><strong><span style=\"color: #ffffff;\">F\u00e9vrier\/Avril 2026<\/span><\/strong><br \/><span style=\"color: #ffffff;\">NOS PAYSAGES<\/span><br \/><span style=\"color: #ffffff;\">Th\u00e9\u00e2tre Joliette &#8211; Sc\u00e8ne Conventionn\u00e9e de Marseille (13)<\/span><\/p>\n<p>[\/et_pb_accordion_item][et_pb_accordion_item title=&#8221;SAISONS PASS\u00c9ES&#8221; open=&#8221;off&#8221; _builder_version=&#8221;3.22.7&#8243; title_text_shadow_horizontal_length=&#8221;0em&#8221; title_text_shadow_vertical_length=&#8221;0em&#8221; title_text_shadow_blur_strength=&#8221;0em&#8221; body_text_shadow_horizontal_length=&#8221;0em&#8221; body_text_shadow_vertical_length=&#8221;0em&#8221; body_text_shadow_blur_strength=&#8221;0em&#8221;]<\/p>\n<p><span style=\"color: #ffffff;\"><b><\/b><\/span><\/p>\n<p class=\"p1\"><span style=\"color: #ffffff;\"><b>25 Avril 2025 &#8211; 19h<br \/> <\/b><b><\/b>L\u2019ANGE ESMERALDA<\/span><br \/> <span style=\"color: #ffffff;\">Th\u00e9\u00e2tre Joliette &#8211; Sc\u00e8ne Conventionn\u00e9e de Marseille (13)<\/span><\/p>\n<p class=\"p1\"><span style=\"color: #ffffff;\"><b>24 Avril 2025 &#8211; 19h<br \/> <\/b><b><\/b>L\u2019ANGE ESMERALDA<\/span><br \/> <span style=\"color: #ffffff;\">Th\u00e9\u00e2tre Joliette &#8211; Sc\u00e8ne Conventionn\u00e9e de Marseille (13)<\/span><\/p>\n<p class=\"p1\"><span style=\"color: #ffffff;\"><b>24 Avril 2025 &#8211; 14h30<br \/> <\/b><b><\/b>L\u2019ANGE ESMERALDA<\/span><br \/> <span style=\"color: #ffffff;\">Th\u00e9\u00e2tre Joliette &#8211; Sc\u00e8ne Conventionn\u00e9e de Marseille (13)<\/span><\/p>\n<p class=\"p1\"><span style=\"color: #ffffff;\"><b>23 Avril 2025 &#8211; 19h<br \/> <\/b><b><\/b>L\u2019ANGE ESMERALDA<\/span><br \/> <span style=\"color: #ffffff;\">Th\u00e9\u00e2tre Joliette &#8211; Sc\u00e8ne Conventionn\u00e9e de Marseille (13)<\/span><\/p>\n<p class=\"p1\"><span style=\"color: #ffffff;\"><b>22 Avril 2025 &#8211; 19h<br \/> <\/b><b><\/b>L\u2019ANGE ESMERALDA<\/span><br \/> <span style=\"color: #ffffff;\">Th\u00e9\u00e2tre Joliette &#8211; Sc\u00e8ne Conventionn\u00e9e de Marseille (13)<\/span><\/p>\n<p class=\"p1\"><span style=\"color: #ffffff;\"><b>20 Mars 2025<br \/> <\/b><b><\/b>NOS PAYSAGES<\/span><br \/> <span style=\"color: #ffffff;\">Centre Culturel Yves Furet &#8211; La Souterraine (23)<\/span><\/p>\n<p class=\"p1\"><span style=\"color: #ffffff;\"><\/span><\/p>\n<p class=\"p1\"><span style=\"color: #ffffff;\"><b>14 Mars 2025 &#8211; 16h<br \/> <\/b><b><\/b>NOS PAYSAGES<\/span><br \/> <span style=\"color: #ffffff;\">Lyc\u00e9e Valin &#8211; La Rochelle (17)<\/span><\/p>\n<p class=\"p1\"><span style=\"color: #ffffff;\"><b>14 Mars 2025 &#8211; 14h<br \/> <\/b><b><\/b>NOS PAYSAGES<\/span><br \/> <span style=\"color: #ffffff;\">Lyc\u00e9e Valin &#8211; La Rochelle (17)<\/span><\/p>\n<p class=\"p1\"><span style=\"color: #ffffff;\"><b>23 F\u00e9vrier 2025 &#8211; 19h30<br \/> <\/b><b><\/b>L\u2019ANGE ESMERALDA<\/span><br \/> <span style=\"color: #ffffff;\">Th\u00e9\u00e2tre Les 3T &#8211; Saint-Denis (93)<\/span><\/p>\n<p class=\"p1\"><span style=\"color: #ffffff;\"><b>21 F\u00e9vrier 2025 &#8211; 19h30<br \/> <\/b><b><\/b>L\u2019ANGE ESMERALDA<\/span><br \/> <span style=\"color: #ffffff;\">Th\u00e9\u00e2tre Les 3T &#8211; Saint-Denis (93)<br \/> <\/span><span style=\"color: #ffffff;\"><br \/> <\/span><span style=\"color: #ffffff;\"><b>19 F\u00e9vrier 2025<br \/> <\/b><b><\/b>NOS PAYSAGES<\/span><br \/> <span style=\"color: #ffffff;\">La Coupe d\u2019Or &#8211; Sc\u00e8ne Conventionn\u00e9e de Rochefort (17)<\/span><\/p>\n<p><span style=\"color: #ffffff;\"><b>18 F\u00e9vrier 2025 &#8211; repr\u00e9sentation scolaire<br \/> <\/b><b><\/b>NOS PAYSAGES<\/span><br \/> <span style=\"color: #ffffff;\">La Coupe d\u2019Or &#8211; Sc\u00e8ne Conventionn\u00e9e de Rochefort (17)<\/span><\/p>\n<p><span style=\"color: #ffffff;\"><b>18 F\u00e9vrier 2025<br \/> <\/b><b><\/b>NOS PAYSAGES<\/span><br \/> <span style=\"color: #ffffff;\">La Coupe d\u2019Or &#8211; Sc\u00e8ne Conventionn\u00e9e de Rochefort (17)<\/span><\/p>\n<p class=\"p1\"><span style=\"color: #ffffff;\"><\/span><\/p>\n<p class=\"p1\"><span style=\"color: #ffffff;\"><b>16 F\u00e9vrier 2025 &#8211; 19h30<br \/> <\/b><b><\/b>L\u2019ANGE ESMERALDA<\/span><br \/> <span style=\"color: #ffffff;\">Th\u00e9\u00e2tre Les 3T &#8211; Saint-Denis (93)<\/span><\/p>\n<p class=\"p1\"><span style=\"color: #ffffff;\"><b>14 F\u00e9vrier 2025 &#8211; 19h30<br \/> <\/b><b><\/b>L\u2019ANGE ESMERALDA<\/span><br \/> <span style=\"color: #ffffff;\">Th\u00e9\u00e2tre Les 3T &#8211; Saint-Denis (93)<\/span><\/p>\n<p class=\"p1\"><span style=\"color: #ffffff;\"><b>9 F\u00e9vrier 2025 &#8211; 19h30<br \/> <\/b><b><\/b>L\u2019ANGE ESMERALDA<\/span><br \/> <span style=\"color: #ffffff;\">Th\u00e9\u00e2tre Les 3T &#8211; Saint-Denis (93)<\/span><\/p>\n<p class=\"p1\"><span style=\"color: #ffffff;\"><b>7 F\u00e9vrier 2025 &#8211; 19h30<br \/> <\/b><b><\/b>L\u2019ANGE ESMERALDA<\/span><br \/> <span style=\"color: #ffffff;\">Th\u00e9\u00e2tre Les 3T &#8211; Saint-Denis (93)<\/span><\/p>\n<p class=\"p1\"><span style=\"color: #ffffff;\"><b>10 Janvier 2025<br \/> <\/b><b><\/b>NOS PAYSAGES<\/span><br \/> <span style=\"color: #ffffff;\">Lyc\u00e9e Jean Mac\u00e9 &#8211; Vitry-sur-Seine (94)<\/span><\/p>\n<p class=\"p1\"><span style=\"color: #ffffff;\"><b>04 Octobre 2024<br \/> <\/b><b><\/b>NOS PAYSAGES<\/span><br \/> <span style=\"color: #ffffff;\">L\u2019Horizon &#8211; La Rochelle (17)<\/span><\/p>\n<p class=\"p1\"><span style=\"color: #ffffff;\"><b>24 Septembre 2024 &#8211; 20h<br \/> <\/b><b><\/b>NOS PAYSAGES<\/span><br \/> <span style=\"color: #ffffff;\">La Halle aux Grains &#8211; Sc\u00e8ne Nationale de Blois (41)<\/span><\/p>\n<p class=\"p1\"><span style=\"color: #ffffff;\"><b>24 Septembre 2024 &#8211; 14h<br \/> <\/b><b><\/b>NOS PAYSAGES<\/span><br \/> <span style=\"color: #ffffff;\">La Halle aux Grains &#8211; Sc\u00e8ne Nationale de Blois (41)<\/span><\/p>\n<p class=\"p1\"><span style=\"color: #ffffff;\"><b>22 Septembre 2024 &#8211; 19h30<br \/> <\/b><b><\/b>NOS PAYSAGES<\/span><br \/> <span style=\"color: #ffffff;\">La Chapelle Vend\u00f4moise<\/span><br \/> <span style=\"color: #ffffff;\">La Halle aux Grains &#8211; Sc\u00e8ne Nationale de Blois (41)<\/span><\/p>\n<p class=\"p1\"><span style=\"color: #ffffff;\"><b>22 Septembre 2024 &#8211; 11h<br \/> <\/b><b><\/b>NOS PAYSAGES<\/span><br \/> <span style=\"color: #ffffff;\">Fondation du Doute &#8211; Centre d\u2019Art Contemporain<\/span><br \/> <span style=\"color: #ffffff;\">La Halle aux Grains &#8211; Sc\u00e8ne Nationale de Blois (41)<\/span><\/p>\n<p class=\"p1\"><span style=\"color: #ffffff;\"><b>21 Septembre 2024 &#8211; 18h<br \/> <\/b><b><\/b>NOS PAYSAGES<\/span><br \/> <span style=\"color: #ffffff;\">Centre Hospitalier de Blois<\/span><br \/> <span style=\"color: #ffffff;\">La Halle aux Grains &#8211; Sc\u00e8ne Nationale de Blois (41)<\/span><\/p>\n<p class=\"p1\"><span style=\"color: #ffffff;\"><b>20 Septembre 2024 &#8211; 18h<br \/> <\/b><b><\/b>NOS PAYSAGES<\/span><br \/> <span style=\"color: #ffffff;\">Romorantin, Auditorium<\/span><br \/> <span style=\"color: #ffffff;\">La Halle aux Grains &#8211; Sc\u00e8ne Nationale de Blois (41)<\/span><\/p>\n<p class=\"p1\"><span style=\"color: #ffffff;\"><b>19 Septembre 2024 &#8211; 18h<br \/> <\/b><b><\/b>NOS PAYSAGES<\/span><br \/> <span style=\"color: #ffffff;\">Maison de B\u00e9gon<\/span><br \/> <span style=\"color: #ffffff;\">La Halle aux Grains &#8211; Sc\u00e8ne Nationale de Blois (41)<b>1<\/b><b><span style=\"color: #ffffff;\">1 Av<\/span>ril 2024 &#8211; 14h15<\/b><\/span><br \/> <span style=\"color: #ffffff;\"> L&#8217;ANGE ESMERALDA<\/span><br \/> <span style=\"color: #ffffff;\"> La Halle aux Grains &#8211; Sc\u00e8ne Nationale de Blois (41)\u00a0<\/p>\n<p><\/span><span style=\"color: #ffffff;\"><b>du 2 au 22 Septembre 2024<br \/><\/b><b><\/b>NOS PAYSAGES<\/span><br \/><span style=\"color: #ffffff;\">INSTALLATION VID\u00c9OGRAPHIQUE &amp; SONORE<\/span><br \/><span style=\"color: #ffffff;\">Fondation du Doute &#8211; Centre d\u2019Art Contemporain (41)<\/span><\/p>\n<p class=\"p1\"><span style=\"color: #ffffff;\"><\/span><\/p>\n<p class=\"p1\"><span style=\"color: #ffffff;\"><b>du 1er Juillet au 30 Septembre 2024<br \/><\/b><b><\/b>NOS PAYSAGES<\/span><br \/><span style=\"color: #ffffff;\">EXPOSITION PHOTOGRAPHIQUE<\/span><br \/><span style=\"color: #ffffff;\">Centre Culturel Rosa Parks &#8211; Espace Quini\u00e8re &#8211; Blois (41)<\/span><\/p>\n<p><span style=\"color: #ffffff;\"><b>11 Avril 2024 &#8211; 20h30<br \/> <\/b>L&#8217;ANGE ESMERALDA<\/span><br \/> <span style=\"color: #ffffff;\"> La Halle aux Grains &#8211; Sc\u00e8ne Nationale de Blois (41)\u00a0<\/span><\/p>\n<p><span style=\"color: #ffffff;\"><b>18 Janvier 2024<br \/> <\/b>NOS PAYSAGES &#8211; Partie 1<\/span><br \/> <span style=\"color: #ffffff;\"> La Halle aux Grains &#8211; Sc\u00e8ne Nationale de Blois (41)<\/span><br \/> <span style=\"color: #ffffff;\"> Temps fort G\u00c9N\u00c9RATION CLIMAT<\/span><\/p>\n<p><span style=\"color: #ffffff;\"><b> 19 Janvier 2024<br \/> <\/b>NOS PAYSAGES &#8211; Partie 1<\/span><br \/> <span style=\"color: #ffffff;\"> La Halle aux Grains &#8211; Sc\u00e8ne Nationale de Blois (41) \/ Temps fort G\u00c9N\u00c9RATION CLIMAT<\/span><\/p>\n<p><span style=\"color: #ffffff;\"><b>20 Janvier 2024<br \/> <\/b>NOS PAYSAGES &#8211; Partie 1<b><br \/> <\/b>La Halle aux Grains &#8211; Sc\u00e8ne Nationale de Blois (41)<\/span><br \/> <span style=\"color: #ffffff;\"> Temps fort G\u00c9N\u00c9RATION CLIMAT<\/span><\/p>\n<p><span style=\"color: #ffffff;\"><b>21 Janvier 2024<br \/> <\/b>NOS PAYSAGES &#8211; Partie 1<\/span><br \/> <span style=\"color: #ffffff;\"> La Halle aux Grains &#8211; Sc\u00e8ne Nationale de Blois (41)<\/span><br \/> <span style=\"color: #ffffff;\"> Temps fort G\u00c9N\u00c9RATION CLIMAT<\/span><\/p>\n<p><span style=\"color: #ffffff;\"><b>5 D\u00e9cembre 2023<br \/> <\/b>L&#8217;ANGE ESMERALDA<\/span><br \/> <span style=\"color: #ffffff;\"> La Coupe d&#8217;Or &#8211;\u00a0Sc\u00e8ne Conventionn\u00e9e de Rochefort (17)<\/span><\/p>\n<p><span style=\"color: #ffffff;\"><b>6 D\u00e9cembre 2023<br \/> <\/b>L&#8217;ANGE ESMERALDA<\/span><br \/> <span style=\"color: #ffffff;\"> La Coupe d&#8217;Or &#8211;\u00a0Sc\u00e8ne Conventionn\u00e9e de Rochefort (17<\/span><\/p>\n<p><span style=\"color: #ffffff;\"><b>7 Avril 2023<br \/> <\/b>L&#8217;ANGE ESMERALDA<\/span><br \/> <span style=\"color: #ffffff;\"> Le Cin\u00e9ma &#8211; Le Dorat (87)\/ Festival La Culture au Grand Jour<\/span><\/p>\n<p><span style=\"color: #ffffff;\"><b>14 Avril 2022<br \/> <\/b>PAYSAGES INT\u00c9RIEURS<\/span><br \/> <span style=\"color: #ffffff;\"> Centre Culturel Yves Furet \u2013 La Souterraine (23)<\/span><\/p>\n<p><span style=\"color: #ffffff;\"><b>07 Janvier 2022<\/b><\/span><br \/> <span style=\"color: #ffffff;\"> L&#8217;HOMME QUI TOMBE<\/span><br \/> <span style=\"color: #ffffff;\"> Th\u00e9\u00e2tre de Ch\u00e2tillon (92)<\/span><\/p>\n<p><span style=\"color: #ffffff;\"><b>11 D\u00e9cembre 2021<br \/> <\/b>L&#8217;HOMME QUI TOMBE<\/span><br \/> <span style=\"color: #ffffff;\"> Th\u00e9\u00e2tre de Chelles (77)\u00a0\/ Festival Impatience\u00a0<\/span><\/p>\n<p><span style=\"color: #ffffff;\"><b>10 \u00a0D\u00e9cembre 2021<br \/> <\/b>L&#8217;HOMME QUI TOMBE <\/span><br \/> <span style=\"color: #ffffff;\"> Th\u00e9\u00e2tre de Chelles (77)\u00a0\/ Festival Impatience<\/span><br \/> <span style=\"color: #ffffff;\"> <b><br \/> 19 Novembre 2021<br \/> <\/b>L&#8217;ANGE ESMERALDA <\/span><br \/> <span style=\"color: #ffffff;\"> L\u2019Eden \u2013 Saint Jean d\u2019Angely (17)<\/span><br \/> <span style=\"color: #ffffff;\"> <b><br \/> 18 Novembre 2021<br \/> <\/b>L&#8217;ANGE ESMERALDA<\/span><br \/> <span style=\"color: #ffffff;\"> Centre Culturel Yves Furet \u2013 La Souterraine (23)<\/span><br \/> <span style=\"color: #ffffff;\"> <b><br \/> 23 Novembre 2021<br \/> <\/b>L&#8217;HOMME QUI TOMBE<\/span><br \/> <span style=\"color: #ffffff;\"> Th\u00e9\u00e2tre Roger Barat \u2013 Herblay (95)<\/span><br \/> <span style=\"color: #ffffff;\"> <b><br \/> 10 Novembre 2021<br \/> <\/b>L&#8217;HOMME QUI TOMBE<\/span><br \/> <span style=\"color: #ffffff;\"> La Coupe d\u2019Or \u2013 Sc\u00e8ne Conventionn\u00e9e de Rochefort (17)<\/span><\/p>\n<p><span style=\"color: #ffffff;\"><b>9 Novembre 2021<br \/> <\/b>L&#8217;HOMME QUI TOMBE<\/span><br \/> <span style=\"color: #ffffff;\"> La Coupe d\u2019Or \u2013 Sc\u00e8ne Conventionn\u00e9e de Rochefort (17)\u00a0<\/span><br \/> <span style=\"color: #ffffff;\"> <b><br \/> 22 Octobre 2021<br \/> <\/b>L&#8217;HOMME QUI TOMBE<\/span><br \/> <span style=\"color: #ffffff;\"> La M\u00e9gisserie \u2013 Sc\u00e8ne Conventionn\u00e9e de Saint-Junien (87)<\/span><br \/> <span style=\"color: #ffffff;\"> <b><br \/> 20 Octobre 2021<br \/> <\/b>L&#8217;HOMME QUI TOMBE <\/span><br \/> <span style=\"color: #ffffff;\"> Th\u00e9\u00e2tre de l\u2019Union \u2013 Centre Dramatique National du Limousin (87)<\/span><\/p>\n<p><span style=\"color: #ffffff;\"><b>19 Octobre 2021<\/b><\/span><\/p>\n<p><span style=\"color: #ffffff;\">L&#8217;HOMME QUI TOMBE <\/span><br \/> <span style=\"color: #ffffff;\"> Th\u00e9\u00e2tre de l\u2019Union \u2013 Centre Dramatique National du Limousin (87)<\/span><br \/> <span style=\"color: #ffffff;\"> <b><br \/> 16 Octobre 2021<br \/> <\/b>L&#8217;ANGE ESMERALDA<\/span><br \/> <span style=\"color: #ffffff;\"> L\u2019Horizon \u2013 La Rochelle (17)<\/span><br \/> <span style=\"color: #ffffff;\"> <b><br \/> 14 Octobre 2021<br \/> <\/b>L&#8217;HOMME QUI TOMBE<\/span><br \/> <span style=\"color: #ffffff;\"> Le Gallia \u2013 Sc\u00e8ne Conventionn\u00e9e de Saintes (17)\u00a0<\/span><\/p>\n<p><span style=\"color: #ffffff;\"><b>12 \u00a0Octobre 2021 &#8211; 20h<br \/> <\/b>L&#8217;ANGE ESMERALDA<\/span><br \/> <span style=\"color: #ffffff;\"> Centre Culturel Municipal Jean Gagnant &#8211; Limoges \u00a0(87)\u00a0<\/span><\/p>\n<p><span style=\"color: #ffffff;\"><b>12 \u00a0Octobre 2021 &#8211; 14h<br \/> <\/b>L&#8217;ANGE ESMERALDA\u00a0<\/span><br \/> <span style=\"color: #ffffff;\"> Centre Culturel Municipal Jean Gagnant &#8211; Limoges \u00a0(87)<\/span><\/p>\n<p><span style=\"color: #ffffff;\"><b>11 \u00a0Octobre 2021<br \/> <\/b>L&#8217;ANGE ESMERALDA<\/span><br \/> <span style=\"color: #ffffff;\"> Centre Culturel Municipal Jean Gagnant &#8211; Limoges \u00a0(87)<\/span><\/p>\n<p><span style=\"color: #ffffff;\"><b>8 Octobre 2021<\/b><\/span><br \/> <span style=\"color: #ffffff;\"> L&#8217;HOMME QUI TOMBE<\/span><br \/> <span style=\"color: #ffffff;\"> L\u2019Odyss\u00e9e \u2013 Sc\u00e8ne Conventionn\u00e9e de P\u00e9rigueux (24)<\/span><\/p>\n<p><span style=\"color: #ffffff;\"><b>05 Octobre 2021<\/b><\/span><br \/> <span style=\"color: #ffffff;\"> L&#8217;HOMME QUI TOMBE<\/span><br \/> <span style=\"color: #ffffff;\"> Sc\u00e8ne Nationale d\u2019Aubusson (23)<\/span><\/p>\n<p><span style=\"color: #ffffff;\"> <b>24 Septembre 2021 \u00a0<\/b><\/span><br \/> <span style=\"color: #ffffff;\"> L&#8217;HOMME QUI TOMBE<\/span><br \/> <span style=\"color: #ffffff;\"> Sc\u00e8ne Nationale du Sud-Aquitain\u00a0(64)<\/span><\/p>\n<p><span style=\"color: #ffffff;\"><b>23 Septembre 2021 \u00a0&#8211; 20h<\/b><\/span><br \/> <span style=\"color: #ffffff;\"> L&#8217;ANGE ESMERALDA<\/span><br \/> <span style=\"color: #ffffff;\"> Sc\u00e8ne Nationale du Sud-Aquitain\u00a0(64)<\/span><\/p>\n<p><span style=\"color: #ffffff;\"><b>23 Septembre 2021 &#8211; 14h<\/b><\/span><br \/> <span style=\"color: #ffffff;\"> L&#8217;ANGE ESMERALDA<\/span><br \/> <span style=\"color: #ffffff;\"> Sc\u00e8ne Nationale du Sud-Aquitain\u00a0(64)<\/span><\/p>\n<p><span style=\"color: #ffffff;\"><b>8 Avril 2021<br \/> <\/b>L&#8217;HOMME QUI TOMBE<\/span><br \/> <span style=\"color: #ffffff;\"> Th\u00e9\u00e2tre du Ch\u00e2tillon (92)<\/span><\/p>\n<p><span style=\"color: #ffffff;\"><b style=\"font-size: 16px;\">7 Janvier 2021<br \/> <\/b>L&#8217;HOMME QUI TOMBE<\/span><br \/> <span style=\"color: #ffffff;\"> La Coupe d&#8217;Or &#8211; Sc\u00e8ne Conventionn\u00e9e de Rochefort (17)<\/span><\/p>\n<p><span style=\"color: #ffffff;\"><b>9 Octobre 2020<br \/> <\/b>L&#8217;ANGE ESMERALDA <b><br \/> <\/b>Sc\u00e8ne Nationale d&#8217;Aubusson (23)<\/span><\/p>\n<p><span style=\"color: #ffffff;\"><b>8 Octobre 2020<br \/> <\/b>L&#8217;ANGE ESMERALDA <b><br \/> <\/b>Sc\u00e8ne Nationale d&#8217;Aubusson (23)<\/span><\/p>\n<p><span style=\"color: #ffffff;\"><b>7 Octobre 2020<br \/> <\/b>L&#8217;ANGE ESMERALDA <b><br \/> <\/b>Sc\u00e8ne Nationale d&#8217;Aubusson (23)<\/span><\/p>\n<p>[\/et_pb_accordion_item][\/et_pb_accordion][\/et_pb_column][\/et_pb_row][\/et_pb_section]<\/p>\n","protected":false},"excerpt":{"rendered":"<p>[et_pb_section fb_built=&#8221;1&#8243; _builder_version=&#8221;3.22.7&#8243; background_color=&#8221;#000000&#8243; custom_padding=&#8221;1px|||||&#8221;][et_pb_row _builder_version=&#8221;3.22.7&#8243;][et_pb_column type=&#8221;4_4&#8243; _builder_version=&#8221;3.22.7&#8243;][et_pb_accordion open_toggle_text_color=&#8221;#FFFFFF&#8221; open_toggle_background_color=&#8221;#000000&#8243; closed_toggle_text_color=&#8221;#FFFFFF&#8221; closed_toggle_background_color=&#8221;#000000&#8243; _builder_version=&#8221;3.22.7&#8243; body_font=&#8221;||||||||&#8221; body_text_align=&#8221;left&#8221; body_font_size=&#8221;16px&#8221; toggle_level=&#8221;h1&#8243; toggle_font=&#8221;||||||||&#8221; toggle_text_align=&#8221;left&#8221; text_orientation=&#8221;left&#8221;][et_pb_accordion_item title=&#8221;\u96c5\u514b\u548c\u4ed6\u7684\u4e3b\u4eba (JACQUES AND HIS MASTER)&#8221; _builder_version=&#8221;3.22.7&#8243; open=&#8221;on&#8221;] Cr\u00e9ation du 22 Ao\u00fbt au 26 Septembre 2025 \u96c5\u514b\u548c\u4ed6\u7684\u4e3b\u4eba Th\u00e9\u00e2tre National des Arts du Peuple du Sichuan Chengdu, CHINE 26 Septembre 2025 \u00a0&#8211; 19h \u96c5\u514b\u548c\u4ed6\u7684\u4e3b\u4eba Festival Chengdu-Chongqing Ouverture [&hellip;]<\/p>\n","protected":false},"author":1,"featured_media":0,"parent":0,"menu_order":0,"comment_status":"closed","ping_status":"closed","template":"","meta":{"_et_pb_use_builder":"on","_et_pb_old_content":"","footnotes":""},"class_list":["post-40","page","type-page","status-publish","hentry"],"_links":{"self":[{"href":"https:\/\/thecornerstone.fr\/index.php\/wp-json\/wp\/v2\/pages\/40","targetHints":{"allow":["GET"]}}],"collection":[{"href":"https:\/\/thecornerstone.fr\/index.php\/wp-json\/wp\/v2\/pages"}],"about":[{"href":"https:\/\/thecornerstone.fr\/index.php\/wp-json\/wp\/v2\/types\/page"}],"author":[{"embeddable":true,"href":"https:\/\/thecornerstone.fr\/index.php\/wp-json\/wp\/v2\/users\/1"}],"replies":[{"embeddable":true,"href":"https:\/\/thecornerstone.fr\/index.php\/wp-json\/wp\/v2\/comments?post=40"}],"version-history":[{"count":147,"href":"https:\/\/thecornerstone.fr\/index.php\/wp-json\/wp\/v2\/pages\/40\/revisions"}],"predecessor-version":[{"id":1520,"href":"https:\/\/thecornerstone.fr\/index.php\/wp-json\/wp\/v2\/pages\/40\/revisions\/1520"}],"wp:attachment":[{"href":"https:\/\/thecornerstone.fr\/index.php\/wp-json\/wp\/v2\/media?parent=40"}],"curies":[{"name":"wp","href":"https:\/\/api.w.org\/{rel}","templated":true}]}}