{"id":41,"date":"2020-02-26T17:19:42","date_gmt":"2020-02-26T16:19:42","guid":{"rendered":"http:\/\/thecornerstone.fr\/?page_id=41"},"modified":"2026-04-25T23:37:12","modified_gmt":"2026-04-25T21:37:12","slug":"contact","status":"publish","type":"page","link":"https:\/\/thecornerstone.fr\/index.php\/contact\/","title":{"rendered":"CONTACT"},"content":{"rendered":"<p><strong>Direction Artistique<\/strong><br \/>\nSimon Mauclair<br \/>\n<a href=\"mailto:simon.mauclair@thecornerstone.fr\">simon.mauclair@thecornerstone.fr<\/a><\/p>\n<p><strong>Administration G\u00e9n\u00e9rale<\/strong><br \/>\nMarie-Pierre Jean &#8211; La P\u00e9pini\u00e8re Rouge<br \/>\n<a href=\"mailto:administration@thecornerstone.fr\">administration@thecornerstone.fr<\/a><\/p>\n<p><strong>Si\u00e8ge social<\/strong><\/p>\n<address>Compagnie Cornerstone<br \/>6, Rue des Ar\u00e8nes<br \/>87000 Limoges<\/address>\n","protected":false},"excerpt":{"rendered":"<p>Direction Artistique Simon Mauclair simon.mauclair@thecornerstone.fr Administration G\u00e9n\u00e9rale Marie-Pierre Jean &#8211; La P\u00e9pini\u00e8re Rouge administration@thecornerstone.fr Si\u00e8ge social Compagnie Cornerstone6, Rue des Ar\u00e8nes87000 Limoges<\/p>\n","protected":false},"author":1,"featured_media":0,"parent":0,"menu_order":0,"comment_status":"closed","ping_status":"closed","template":"","meta":{"footnotes":""},"class_list":["post-41","page","type-page","status-publish","hentry"],"_links":{"self":[{"href":"https:\/\/thecornerstone.fr\/index.php\/wp-json\/wp\/v2\/pages\/41","targetHints":{"allow":["GET"]}}],"collection":[{"href":"https:\/\/thecornerstone.fr\/index.php\/wp-json\/wp\/v2\/pages"}],"about":[{"href":"https:\/\/thecornerstone.fr\/index.php\/wp-json\/wp\/v2\/types\/page"}],"author":[{"embeddable":true,"href":"https:\/\/thecornerstone.fr\/index.php\/wp-json\/wp\/v2\/users\/1"}],"replies":[{"embeddable":true,"href":"https:\/\/thecornerstone.fr\/index.php\/wp-json\/wp\/v2\/comments?post=41"}],"version-history":[{"count":34,"href":"https:\/\/thecornerstone.fr\/index.php\/wp-json\/wp\/v2\/pages\/41\/revisions"}],"predecessor-version":[{"id":1561,"href":"https:\/\/thecornerstone.fr\/index.php\/wp-json\/wp\/v2\/pages\/41\/revisions\/1561"}],"wp:attachment":[{"href":"https:\/\/thecornerstone.fr\/index.php\/wp-json\/wp\/v2\/media?parent=41"}],"curies":[{"name":"wp","href":"https:\/\/api.w.org\/{rel}","templated":true}]}}