{"id":63,"date":"2020-02-26T17:47:29","date_gmt":"2020-02-26T16:47:29","guid":{"rendered":"http:\/\/thecornerstone.fr\/?page_id=63"},"modified":"2025-11-24T15:32:50","modified_gmt":"2025-11-24T14:32:50","slug":"cornerstone","status":"publish","type":"page","link":"https:\/\/thecornerstone.fr\/index.php\/cornerstone\/","title":{"rendered":"\u00c0 PROPOS"},"content":{"rendered":"<p>[et_pb_section fb_built=&#8221;1&#8243; _builder_version=&#8221;3.22.7&#8243; background_color=&#8221;#000000&#8243; background_image=&#8221;http:\/\/thecornerstone.fr\/wp-content\/uploads\/2024\/07\/paul-pastourmatzis-KT3WlrL_bsg-unsplash-scaled.jpg&#8221;][et_pb_row _builder_version=&#8221;3.22.7&#8243;][et_pb_column type=&#8221;4_4&#8243; _builder_version=&#8221;3.22.7&#8243;][et_pb_text _builder_version=&#8221;3.22.7&#8243;]<\/p>\n<p style=\"text-align: justify;\"><span style=\"color: #ffffff; font-size: medium;\"><span color=\"#ffffff\" face=\"Raleway\" size=\"3\">Apr\u00e8s des \u00e9tudes universitaires anglophones, Simon Mauclair int\u00e8gre l&#8217;Acad\u00e9mie &#8211; \u00c9cole Nationale Sup\u00e9rieure\u00a0d&#8217;Art Dramatique de Limoges, sous la direction d&#8217;Anton Kouznetsov, et sera form\u00e9 entre France et la Russie.<\/span><\/span><\/p>\n<p style=\"text-align: justify;\"><span style=\"color: #ffffff; font-size: medium;\">Dipl\u00f4m\u00e9, il fonde la Compagnie Cornerstone autour d&#8217;un noyau dur d&#8217;interpr\u00e8tes, de musiciens, de\u00a0vid\u00e9astes et de techniciens.<\/span><\/p>\n<p style=\"text-align: justify;\"><span style=\"color: #ffffff; font-size: medium;\">Les cr\u00e9ations de Cornerstone traversent les\u00a0registres litt\u00e9raires par la cr\u00e9ation\u00a0de pi\u00e8ces,\u00a0l\u2019adaptation\u00a0de nouvelles, de romans &#8230; &#8211; faisant\u00a0de chaque spectacle un point de contact entre la litt\u00e9rature, la musique et le cin\u00e9ma.<\/span><\/p>\n<p style=\"text-align: justify;\"><span style=\"color: #ffffff; font-size: medium;\">En 2016, Simon Mauclair cr\u00e9\u00e9 la pi\u00e8ce\u00a0NOTRE PETITE VILLE\u00a0de Thornton Wilder, suivi en 2018 par la nouvelle\u00a0LE R\u00caVE D&#8217;UN HOMME RIDICULE\u00a0de\u00a0Feodor\u00a0Dosto\u00efevski, et en 2021 par le roman\u00a0L&#8217;HOMME QUI TOMBE\u00a0et la nouvelle\u00a0L&#8217;ANGE ESMERALDA de Don\u00a0Delillo (Festival Impatience &amp; tourn\u00e9e nationale).\u00a0<br \/><\/span><span color=\"#ffffff\" size=\"3\"><span color=\"#ffffff\" size=\"3\" style=\"color: #ffffff; font-size: medium;\">En Septembre 2024, il cr\u00e9\u00e9 NOS PAYSAGES d&#8217;apr\u00e8s 2 ans de t\u00e9moignages en centres sociaux, m\u00e9dicaux et p\u00e9nitentiaires, et dont la cr\u00e9ation se poursuit toujours aujourd&#8217;hui sur chaque territoire en parall\u00e8le des <span style=\"caret-color: #ffffff;\">tourn\u00e9es<\/span>\u00a0du spectacle.<\/span><br \/><span color=\"#ffffff\" size=\"3\" style=\"color: #ffffff; font-size: medium;\">En 2025,\u00a0<\/span><\/span><span color=\"#ffffff\" size=\"3\" style=\"color: #ffffff; font-size: medium;\">sur invitation du Th\u00e9\u00e2tre des Arts du Peuple de Chengdu (Chine), il dirige des interpr\u00e8tes de la troupe permanente pour la cr\u00e9ation franco-chinoise \u96c5\u514b\u548c\u4ed6\u7684\u4e3b\u4eba (JACQUES AND HIS MASTER) d&#8217;apr\u00e8s Denis Diderot. Le spectacle poursuit actuellement sa tourn\u00e9e en tourn\u00e9e en Chine et dans le monde.<br \/>Simon Mauclair pr\u00e9pare actuellement la prochaine cr\u00e9ation LES SIGNAUX FAIBLES, qui sera cr\u00e9\u00e9e \u00e0 l&#8217;automne 2026.<\/span><\/p>\n<p style=\"text-align: justify;\"><span style=\"color: #ffffff; font-size: medium;\"><span color=\"#ffffff\" face=\"Raleway\" size=\"3\">Cornerstone \u00e9tend son travail de transmission sur les territoires et en institutions \u00e0 travers de nombreuses\u00a0interventions d&#8217;enseignement <em>(lyc\u00e9es)<\/em>, de stages\u00a0<em>(classes pr\u00e9paratoires &amp; th\u00e9\u00e2tres)<\/em> et de formations\u00a0<em>(Universit\u00e9s, Sciences Po) <\/em>en France et \u00e0 l&#8217;\u00e9tranger.<\/span><\/span><\/p>\n<p style=\"text-align: justify;\"><span style=\"color: #ffffff; font-size: medium;\">Simon Mauclair est artiste associ\u00e9 \u00e0 la Halle aux Grains &#8211; Sc\u00e8ne Nationale de Blois.<\/span><\/p>\n<p style=\"text-align: justify;\"><span style=\"color: #ffffff; font-size: medium;\">La Compagnie Cornerstone est\u00a0subventionn\u00e9e par le Minist\u00e8re de la\u00a0Culture &#8211; DRAC\u00a0Nouvelle-Aquitaine,\u00a0la R\u00e9gion Nouvelle-Aquitaine et la Ville de Limoges. Elle re\u00e7oit le soutien de l&#8217;Institut Fran\u00e7ais pour ses cr\u00e9ations et ses tourn\u00e9es \u00e0 l&#8217;\u00e9tranger.<\/span><\/p>\n<p style=\"text-align: justify;\"><span style=\"color: #ffffff; font-size: medium;\">Cornerstone est membre du r\u00e9seau ARVIVA &#8211; Arts Vivants, Arts Durables.<\/span><\/p>\n<p>[\/et_pb_text][\/et_pb_column][\/et_pb_row][\/et_pb_section]<\/p>\n","protected":false},"excerpt":{"rendered":"<p>[et_pb_section fb_built=&#8221;1&#8243; _builder_version=&#8221;3.22.7&#8243; background_color=&#8221;#000000&#8243; background_image=&#8221;http:\/\/thecornerstone.fr\/wp-content\/uploads\/2024\/07\/paul-pastourmatzis-KT3WlrL_bsg-unsplash-scaled.jpg&#8221;][et_pb_row _builder_version=&#8221;3.22.7&#8243;][et_pb_column type=&#8221;4_4&#8243; _builder_version=&#8221;3.22.7&#8243;][et_pb_text _builder_version=&#8221;3.22.7&#8243;] Apr\u00e8s des \u00e9tudes universitaires anglophones, Simon Mauclair int\u00e8gre l&#8217;Acad\u00e9mie &#8211; \u00c9cole Nationale Sup\u00e9rieure\u00a0d&#8217;Art Dramatique de Limoges, sous la direction d&#8217;Anton Kouznetsov, et sera form\u00e9 entre France et la Russie. Dipl\u00f4m\u00e9, il fonde la Compagnie Cornerstone autour d&#8217;un noyau dur d&#8217;interpr\u00e8tes, de musiciens, de\u00a0vid\u00e9astes et de techniciens. [&hellip;]<\/p>\n","protected":false},"author":1,"featured_media":0,"parent":0,"menu_order":0,"comment_status":"closed","ping_status":"closed","template":"","meta":{"_et_pb_use_builder":"on","_et_pb_old_content":"<!-- wp:paragraph {\"align\":\"left\"} -->\n<p class=\"has-text-align-left\">Form\u00e9 de 2010 \u00e0 2013\u00a0\u00e0 l'Acad\u00e9mie - \u00c9cole Nationale Sup\u00e9rieure\u00a0d'Art Dramatique de Limoges,\u00a0Simon Mauclair fonde\u00a0Cornerstone, et sera rejoint  rapidement par les interpr\u00e8tes de sa formation et de son entourage, ainsi que des artistes, musiciens,\u00a0techniciens\u00a0et cr\u00e9ateurs satellites.<br><br>Les cr\u00e9ations de Cornerstone traversent autant\u00a0les\u00a0continents\u00a0que\u00a0les\u00a0registres litt\u00e9raires - par la cr\u00e9ation\u00a0de pi\u00e8ces,\u00a0l\u2019adaptation\u00a0de nouvelles, de romans ou encore par l'\u00e9criture originale.<br><br>En 2014, Simon Mauclair dirige la premi\u00e8re cr\u00e9ation\u00a0<em>Lumi\u00e8res<\/em> de Denis Diderot, suivie en 2016 par\u00a0<em>Notre Petite Ville<\/em>\u00a0de Thornton Wilder, puis\u00a0en 2018 par <em>Le\u00a0R\u00eave\u00a0d'un\u00a0Homme\u00a0Ridicule<\/em>\u00a0de\u00a0Feodor\u00a0Dosto\u00efevski.<br><br>Cornerstone pr\u00e9pare actuellement sa\u00a0prochaine\u00a0cr\u00e9ation,\u00a0programm\u00e9e \u00e0\u00a0 l'automne\u00a02020, d'apr\u00e8s deux oeuvres de l'auteur\u00a0am\u00e9ricain\u00a0Don\u00a0Delillo : <em>L'Homme qui tombe <\/em>(roman)<em> et  L'Ange Esmeralda <\/em>(nouvelle).<br><br>Soucieux de travailler sur son territoire et nationalement - en salle comme\u00a0en d\u00e9centralisation - et autant localement qu\u2019\u00e0 l\u2019\u00e9tranger,\u00a0Cornerstone\u00a0d\u00e9veloppe les partenariats,\u00a0les \u00e9changes,\u00a0les collaborations, en accordant\u00a0une\u00a0attention particuli\u00e8re \u00e0 la transmission th\u00e9\u00e2trale.\u00a0<\/p>\n<!-- \/wp:paragraph -->","footnotes":""},"class_list":["post-63","page","type-page","status-publish","hentry"],"_links":{"self":[{"href":"https:\/\/thecornerstone.fr\/index.php\/wp-json\/wp\/v2\/pages\/63","targetHints":{"allow":["GET"]}}],"collection":[{"href":"https:\/\/thecornerstone.fr\/index.php\/wp-json\/wp\/v2\/pages"}],"about":[{"href":"https:\/\/thecornerstone.fr\/index.php\/wp-json\/wp\/v2\/types\/page"}],"author":[{"embeddable":true,"href":"https:\/\/thecornerstone.fr\/index.php\/wp-json\/wp\/v2\/users\/1"}],"replies":[{"embeddable":true,"href":"https:\/\/thecornerstone.fr\/index.php\/wp-json\/wp\/v2\/comments?post=63"}],"version-history":[{"count":85,"href":"https:\/\/thecornerstone.fr\/index.php\/wp-json\/wp\/v2\/pages\/63\/revisions"}],"predecessor-version":[{"id":1542,"href":"https:\/\/thecornerstone.fr\/index.php\/wp-json\/wp\/v2\/pages\/63\/revisions\/1542"}],"wp:attachment":[{"href":"https:\/\/thecornerstone.fr\/index.php\/wp-json\/wp\/v2\/media?parent=63"}],"curies":[{"name":"wp","href":"https:\/\/api.w.org\/{rel}","templated":true}]}}